{"id":1236,"date":"2026-05-04T17:50:50","date_gmt":"2026-05-04T17:50:50","guid":{"rendered":"https:\/\/vedezevanje-esena.si\/?page_id=1236"},"modified":"2026-05-04T20:07:06","modified_gmt":"2026-05-04T20:07:06","slug":"privacy-policy-2","status":"publish","type":"page","link":"https:\/\/vedezevanje-esena.si\/en_US\/privacy-policy-2\/","title":{"rendered":"Privacy policy"},"content":{"rendered":"\n\n\nPolitika zasebnosti\n<h6><span data-metadata=\"&lt;!--(figmeta)eyJmaWxlS2V5IjoiYXVQQldzZlJLUGhnOXVGdWdTWlhrYyIsInBhc3RlSUQiOjI1Mzk3NzgyMSwiZGF0YVR5cGUiOiJzY2VuZSJ9Cg==(\/figmeta)--&gt;\"><\/span><p class=\"MsoNormal\" style=\"margin-bottom:6.0pt\">Datum zadnje posodobitve: 4.5.2026<\/p><\/h6>\n\nSplo\u0161no\n<h6><span data-metadata=\"&lt;!--(figmeta)eyJmaWxlS2V5IjoiYXVQQldzZlJLUGhnOXVGdWdTWlhrYyIsInBhc3RlSUQiOjI1Mzk3NzgyMSwiZGF0YVR5cGUiOiJzY2VuZSJ9Cg==(\/figmeta)--&gt;\"><\/span><p class=\"MsoNormal\" style=\"margin-bottom:6.0pt\">Ta spletna stran spo\u0161tuje va\u0161o\nzasebnost in se zavezuje k varovanju osebnih podatkov v skladu z veljavno\nevropsko zakonodajo, vklju\u010dno s Splo\u0161no uredbo o varstvu podatkov (GDPR, Uredba\nEU 2016\/679).<o:p><\/o:p><\/p>\n\n<p class=\"MsoNormal\" style=\"margin-bottom:6.0pt\">Z obiskom spletne strani se\nlahko zbirajo dolo\u010deni podatki, ki so potrebni za delovanje strani, izbolj\u0161anje\nuporabni\u0161ke izku\u0161nje ter analitiko uporabe.<o:p><\/o:p><\/p><\/h6>\nUpravljalec osebnih podatkov\n<h6><span data-metadata=\"&lt;!--(figmeta)eyJmaWxlS2V5IjoiYXVQQldzZlJLUGhnOXVGdWdTWlhrYyIsInBhc3RlSUQiOjI1Mzk3NzgyMSwiZGF0YVR5cGUiOiJzY2VuZSJ9Cg==(\/figmeta)--&gt;\"><\/span><p class=\"MsoNormal\" style=\"margin-bottom:6.0pt\">Za vpra\u0161anja v zvezi z varstvom\nosebnih podatkov nas lahko kontaktirate prek kontaktnega obrazca na spletni\nstrani.<o:p><\/o:p><\/p><\/h6>\nKateri osebni podatki se zbirajo\n<h6><strong><span data-metadata=\"&lt;!--(figmeta)eyJmaWxlS2V5IjoiYXVQQldzZlJLUGhnOXVGdWdTWlhrYyIsInBhc3RlSUQiOjI1Mzk3NzgyMSwiZGF0YVR5cGUiOiJzY2VuZSJ9Cg==(\/figmeta)--&gt;\"><\/span><\/strong><p class=\"MsoNormal\" style=\"margin-bottom:6.0pt\">Ko izpolnite obrazec za\nnaro\u010dilo, zbiramo naslednje podatke: i<span style=\"color: rgb(216, 191, 211); text-indent: -18pt;\">me\nin priimek, e-po\u0161tni naslov, naslov, po\u0161tna \u0161tevilka, mesto in telefonska \u0161tevilka (neobvezno).<\/span><\/p><p class=\"MsoNormal\" style=\"margin-bottom:6.0pt\"><o:p>&nbsp;<\/o:p><span style=\"color: rgb(216, 191, 211);\">Pla\u010dilo se izvede v \u017eivo ob\nprevzemu \u2013 podatkov o pla\u010dilnih karticah ali ban\u010dnih ra\u010dunih ne zbiramo in ne\nshranjujemo.<\/span><\/p><p class=\"MsoNormal\" style=\"margin-bottom:6.0pt\">Namen zbiranja: izvedba naro\u010dila\nin dostava blaga.<o:p><\/o:p><\/p><p data-start=\"1028\" data-end=\"1124\">\n\n\n\n\n\n\n\n\n\n\n\n\n\n\n\n<\/p><p class=\"MsoNormal\" style=\"margin-bottom:6.0pt\">Pravna podlaga: izvajanje\npogodbe (\u010dl. 6(1)(b) GDPR) ter zakonska obveznost hranjenja ra\u010dunovodskih\ndokumentov (\u010dl. 6(1)(c) GDPR).<br><o:p><\/o:p><\/p><p class=\"MsoNormal\" style=\"margin-bottom:6.0pt\">S pomo\u010djo pi\u0161kotkov in\nanaliti\u010dnih orodij se lahko zbirajo tehni\u010dni podatki, kot so IP naslov, tip\nbrskalnika, obiskane strani in \u010das obiska.<o:p><\/o:p><\/p><\/h6>\npi\u0161kotki\n<h6><strong><span data-metadata=\"&lt;!--(figmeta)eyJmaWxlS2V5IjoiYXVQQldzZlJLUGhnOXVGdWdTWlhrYyIsInBhc3RlSUQiOjI1Mzk3NzgyMSwiZGF0YVR5cGUiOiJzY2VuZSJ9Cg==(\/figmeta)--&gt;\"><\/span><\/strong><p class=\"MsoNormal\" style=\"margin-bottom:6.0pt\">Spletna stran uporablja\nnaslednje pi\u0161kotke:<o:p><\/o:p><\/p><\/h6><h2>Nujni pi\u0161kotki (ne zahtevajo soglasja)<o:p><\/o:p><\/h2><h6><p class=\"MsoListParagraph\" style=\"margin-left:36.0pt;text-indent:-18.0pt;\nmso-list:l0 level1 lfo1\"><!--[if !supportLists]-->\u2022<span style=\"font-style: normal; font-variant: normal; font-size-adjust: none; font-language-override: normal; font-kerning: auto; font-optical-sizing: auto; font-feature-settings: normal; font-variation-settings: normal; font-stretch: normal; font-size: 7pt; line-height: normal; font-family: &quot;Times New Roman&quot;;\">&nbsp;&nbsp;&nbsp;&nbsp;&nbsp;&nbsp; <\/span><!--[endif]-->wordpress_logged_in,\nwordpress_sec \u2013 upravljanje seje prijavljenega uporabnika WordPress<o:p><\/o:p><\/p><p class=\"MsoListParagraph\" style=\"margin-left:36.0pt;text-indent:-18.0pt;\nmso-list:l0 level1 lfo1\"><!--[if !supportLists]-->\u2022<span style=\"font-style: normal; font-variant: normal; font-size-adjust: none; font-language-override: normal; font-kerning: auto; font-optical-sizing: auto; font-feature-settings: normal; font-variation-settings: normal; font-stretch: normal; font-size: 7pt; line-height: normal; font-family: &quot;Times New Roman&quot;;\">&nbsp;&nbsp;&nbsp;&nbsp;&nbsp;&nbsp; <\/span><!--[endif]-->wp-settings\n\u2013 shranjevanje nastavitev WordPress vmesnika<o:p><\/o:p><\/p><p class=\"MsoListParagraph\" style=\"margin-left:36.0pt;text-indent:-18.0pt;\nmso-list:l0 level1 lfo1\"><!--[if !supportLists]-->\u2022<span style=\"font-style: normal; font-variant: normal; font-size-adjust: none; font-language-override: normal; font-kerning: auto; font-optical-sizing: auto; font-feature-settings: normal; font-variation-settings: normal; font-stretch: normal; font-size: 7pt; line-height: normal; font-family: &quot;Times New Roman&quot;;\">&nbsp;&nbsp;&nbsp;&nbsp;&nbsp;&nbsp; <\/span><!--[endif]-->woocommerce_cart_hash,\nwoocommerce_items_in_cart \u2013 delovanje ko\u0161arice<o:p><\/o:p><\/p><p class=\"MsoListParagraph\" style=\"margin-left:36.0pt;text-indent:-18.0pt;\nmso-list:l0 level1 lfo1\"><!--[if !supportLists]-->\u2022<span style=\"font-style: normal; font-variant: normal; font-size-adjust: none; font-language-override: normal; font-kerning: auto; font-optical-sizing: auto; font-feature-settings: normal; font-variation-settings: normal; font-stretch: normal; font-size: 7pt; line-height: normal; font-family: &quot;Times New Roman&quot;;\">&nbsp;&nbsp;&nbsp;&nbsp;&nbsp;&nbsp; <\/span><!--[endif]-->wp_woocommerce_session\n\u2013 seja WooCommerce<o:p><\/o:p><\/p><p class=\"MsoListParagraph\" style=\"margin-left:36.0pt;text-indent:-18.0pt;\nmso-list:l0 level1 lfo1\"><!--[if !supportLists]-->\u2022<span style=\"font-style: normal; font-variant: normal; font-size-adjust: none; font-language-override: normal; font-kerning: auto; font-optical-sizing: auto; font-feature-settings: normal; font-variation-settings: normal; font-stretch: normal; font-size: 7pt; line-height: normal; font-family: &quot;Times New Roman&quot;;\">&nbsp;&nbsp;&nbsp;&nbsp;&nbsp;&nbsp; <\/span><!--[endif]-->cookieadmin\n\u2013 bele\u017eenje va\u0161ega soglasja za pi\u0161kotke<o:p><\/o:p><\/p><p class=\"MsoNormal\" style=\"margin-bottom:6.0pt\"><o:p>&nbsp;<\/o:p><\/p><p class=\"MsoNormal\" style=\"margin-bottom:6.0pt\">Ti pi\u0161kotki so nujni za pravilno\ndelovanje strani in jih ni mogo\u010de onemogo\u010diti brez vpliva na delovanje strani.<o:p><\/o:p><\/p><\/h6><h2>Analiti\u010dni pi\u0161kotki (zahtevajo soglasje)<o:p><\/o:p><\/h2><h6><p class=\"MsoListParagraph\" style=\"margin-left:36.0pt;text-indent:-18.0pt;\nmso-list:l0 level1 lfo1\"><!--[if !supportLists]-->\u2022<span style=\"font-style: normal; font-variant: normal; font-size-adjust: none; font-language-override: normal; font-kerning: auto; font-optical-sizing: auto; font-feature-settings: normal; font-variation-settings: normal; font-stretch: normal; font-size: 7pt; line-height: normal; font-family: &quot;Times New Roman&quot;;\">&nbsp;&nbsp;&nbsp;&nbsp;&nbsp;&nbsp; <\/span><!--[endif]-->sbjs_current,\nsbjs_first, sbjs_first_add, sbjs_migration \u2013 Sourcebuster.js, sledenje izvoru\nobiskovalcev (od kod ste pri\u0161li na stran)<o:p><\/o:p><\/p><p class=\"MsoListParagraph\" style=\"margin-left:36.0pt;text-indent:-18.0pt;\nmso-list:l0 level1 lfo1\"><!--[if !supportLists]-->\u2022<span style=\"font-style: normal; font-variant: normal; font-size-adjust: none; font-language-override: normal; font-kerning: auto; font-optical-sizing: auto; font-feature-settings: normal; font-variation-settings: normal; font-stretch: normal; font-size: 7pt; line-height: normal; font-family: &quot;Times New Roman&quot;;\">&nbsp;&nbsp;&nbsp;&nbsp;&nbsp;&nbsp; <\/span><!--[endif]-->tk_ai\n\u2013 statistika obiskov (Jetpack \/ WordPress.com)<o:p><\/o:p><\/p><p class=\"MsoNormal\" style=\"margin-bottom:6.0pt\"><o:p>&nbsp;<\/o:p><\/p><p class=\"MsoNormal\" style=\"margin-bottom:6.0pt\">Namen: razumevanje, kako\nobiskovalci najdejo in uporabljajo stran, z namenom izbolj\u0161anja vsebine.<o:p><\/o:p><\/p><\/h6><h2>Marketin\u0161ki pi\u0161kotki \/ pi\u0161kotki tretjih oseb (zahtevajo soglasje)<o:p><\/o:p><\/h2><h6><p class=\"MsoListParagraph\" style=\"margin-left:36.0pt;text-indent:-18.0pt;\nmso-list:l0 level1 lfo1\"><!--[if !supportLists]-->\u2022<span style=\"font-style: normal; font-variant: normal; font-size-adjust: none; font-language-override: normal; font-kerning: auto; font-optical-sizing: auto; font-feature-settings: normal; font-variation-settings: normal; font-stretch: normal; font-size: 7pt; line-height: normal; font-family: &quot;Times New Roman&quot;;\">&nbsp;&nbsp;&nbsp;&nbsp;&nbsp;&nbsp; <\/span><!--[endif]-->PH_HPXY_C&#8230;\n\u2013 pi\u0161kot tretje osebe (analitika \/ sledenje)<o:p><\/o:p><\/p><p class=\"MsoNormal\" style=\"margin-bottom:6.0pt\"><o:p>&nbsp;<\/o:p><\/p><p class=\"MsoNormal\" style=\"margin-bottom:6.0pt\">Ti pi\u0161kotki se nalo\u017eijo le z\nva\u0161im izrecnim soglasjem.<o:p><\/o:p><\/p><\/h6><h2>Trajanje pi\u0161kotkov<o:p><\/o:p><\/h2><h6><p data-start=\"1756\" data-end=\"1832\">\n\n\n\n\n\n\n\n\n\n\n\n\n\n\n\n\n\n\n\n\n\n\n\n\n\n\n\n\n\n\n\n\n\n\n\n\n\n<\/p><p class=\"MsoNormal\" style=\"margin-bottom:6.0pt\">Sejni pi\u0161kotki se izbri\u0161ejo ob\nzaprtju brskalnika. Trajni pi\u0161kotki ostanejo shranjeni od 30 dni do 2 let,\nodvisno od pi\u0161kota. To\u010dno trajanje posameznega pi\u0161kota si lahko ogledate v\nnastavitvah va\u0161ega brskalnika.<o:p><\/o:p><\/p><\/h6>\nSoglasje za pi\u0161kotke\n<h6><strong><span data-metadata=\"&lt;!--(figmeta)eyJmaWxlS2V5IjoiYXVQQldzZlJLUGhnOXVGdWdTWlhrYyIsInBhc3RlSUQiOjI1Mzk3NzgyMSwiZGF0YVR5cGUiOiJzY2VuZSJ9Cg==(\/figmeta)--&gt;\"><\/span><\/strong><p class=\"MsoNormal\" style=\"margin-bottom:6.0pt\">Ob prvem obisku spletne strani\nse prika\u017ee obvestilo o pi\u0161kotkih, kjer lahko s<span style=\"color: rgb(216, 191, 211); text-indent: -18pt;\">prejmete\nvse pi\u0161kotke, s<\/span><span style=\"color: rgb(216, 191, 211); text-indent: -18pt;\">prejmete\nle nujne pi\u0161kotke, p<\/span><span style=\"color: rgb(216, 191, 211); text-indent: -18pt;\">rilagodite\nnastavitve za vsako kategorijo posebej.<\/span><\/p><p class=\"MsoNormal\" style=\"margin-bottom:6.0pt\"><o:p>&nbsp;<\/o:p><span style=\"color: rgb(216, 191, 211);\">Uporaba ne-nujnih pi\u0161kotkov je\nmo\u017ena samo z va\u0161im izrecnim soglasjem. Soglasje lahko kadar koli spremenite ali\nprekli\u010dete prek nastavitev pi\u0161kotkov na strani.<\/span><\/p><\/h6>\nGoogle Analitika\n<h6><strong><span data-metadata=\"&lt;!--(figmeta)eyJmaWxlS2V5IjoiYXVQQldzZlJLUGhnOXVGdWdTWlhrYyIsInBhc3RlSUQiOjI1Mzk3NzgyMSwiZGF0YVR5cGUiOiJzY2VuZSJ9Cg==(\/figmeta)--&gt;\"><\/span><\/strong><p class=\"MsoNormal\" style=\"margin-bottom:6.0pt\">Spletna stran uporablja storitev\nGoogle Analytics, ki je v lasti podjetja Google LLC, 1600 Amphitheatre Parkway,\nMountain View, CA 94043, ZDA.<o:p><\/o:p><\/p><p class=\"MsoNormal\" style=\"margin-bottom:6.0pt\">Google Analytics zbira podatke o\nva\u0161i uporabi spletne strani (obiskane strani, \u010das na strani, naprava,\nlokacija\u2026) z namenom analize prometa in izbolj\u0161anja strani.<o:p><\/o:p><\/p><p class=\"MsoNormal\" style=\"margin-bottom:6.0pt\">V skladu z GDPR je na tej strani\naktivirana anonimizacija IP naslovov (funkcija anonymizeIp), kar pomeni, da se\nva\u0161 IP naslov pred posredovanjem Googlu skraj\u0161a.<o:p><\/o:p><\/p><p data-start=\"2513\" data-end=\"2546\">\n\n\n\n\n\n<\/p><p class=\"MsoNormal\" style=\"margin-bottom:6.0pt\">Podatki se posredujejo Googlu le\nz va\u0161im soglasjem. Ve\u010d o Googlovi politiki zasebnosti:\nhttps:\/\/policies.google.com\/privacy<o:p><\/o:p><\/p><\/h6>\nPosredovanje podatkov tretjim osebam\n<h6><strong><span data-metadata=\"&lt;!--(figmeta)eyJmaWxlS2V5IjoiYXVQQldzZlJLUGhnOXVGdWdTWlhrYyIsInBhc3RlSUQiOjI1Mzk3NzgyMSwiZGF0YVR5cGUiOiJzY2VuZSJ9Cg==(\/figmeta)--&gt;\"><\/span><\/strong><p class=\"MsoNormal\" style=\"margin-bottom:6.0pt\">Va\u0161i podatki se ne prodajajo in\nse ne posredujejo tretjim osebam, razen:<o:p><\/o:p><\/p><p class=\"MsoListParagraph\" style=\"margin-left:36.0pt;text-indent:-18.0pt;\nmso-list:l0 level1 lfo1\"><!--[if !supportLists]-->\u2022<span style=\"font-style: normal; font-variant: normal; font-size-adjust: none; font-language-override: normal; font-kerning: auto; font-optical-sizing: auto; font-feature-settings: normal; font-variation-settings: normal; font-stretch: normal; font-size: 7pt; line-height: normal; font-family: &quot;Times New Roman&quot;;\">&nbsp;&nbsp;&nbsp;&nbsp;&nbsp;&nbsp; <\/span><!--[endif]-->Google\nLLC \u2013 za storitev Google Analytics (le z va\u0161im soglasjem, z anonimiziranim IP)<o:p><\/o:p><\/p><p class=\"MsoListParagraph\" style=\"margin-left:36.0pt;text-indent:-18.0pt;\nmso-list:l0 level1 lfo1\"><!--[if !supportLists]-->\u2022<span style=\"font-style: normal; font-variant: normal; font-size-adjust: none; font-language-override: normal; font-kerning: auto; font-optical-sizing: auto; font-feature-settings: normal; font-variation-settings: normal; font-stretch: normal; font-size: 7pt; line-height: normal; font-family: &quot;Times New Roman&quot;;\">&nbsp;&nbsp;&nbsp;&nbsp;&nbsp;&nbsp; <\/span><!--[endif]-->Ponudnik\ngostovanja \u2013 le v obsegu, ki je nujno potreben za tehni\u010dno delovanje strani<o:p><\/o:p><\/p><p class=\"MsoNormal\" style=\"margin-bottom:6.0pt\"><o:p>&nbsp;<\/o:p><\/p><p data-start=\"2513\" data-end=\"2546\">\n\n\n\n\n\n\n\n<\/p><p class=\"MsoNormal\" style=\"margin-bottom:6.0pt\">Vse omenjene storitve so skladne\nz GDPR.<o:p><\/o:p><\/p><\/h6>\nhramba podatkov\n<h6><strong><span data-metadata=\"&lt;!--(figmeta)eyJmaWxlS2V5IjoiYXVQQldzZlJLUGhnOXVGdWdTWlhrYyIsInBhc3RlSUQiOjI1Mzk3NzgyMSwiZGF0YVR5cGUiOiJzY2VuZSJ9Cg==(\/figmeta)--&gt;\"><\/span><\/strong><p class=\"MsoNormal\" style=\"margin-bottom:6.0pt\">Osebne podatke hranimo le toliko\n\u010dasa, kot je potrebno za namen, za katerega so bili zbrani:<o:p><\/o:p><\/p><p class=\"MsoListParagraph\" style=\"margin-left:36.0pt;text-indent:-18.0pt;\nmso-list:l0 level1 lfo1\"><!--[if !supportLists]-->\u2022<span style=\"font-style: normal; font-variant: normal; font-size-adjust: none; font-language-override: normal; font-kerning: auto; font-optical-sizing: auto; font-feature-settings: normal; font-variation-settings: normal; font-stretch: normal; font-size: 7pt; line-height: normal; font-family: &quot;Times New Roman&quot;;\">&nbsp;&nbsp;&nbsp;&nbsp;&nbsp;&nbsp; <\/span><!--[endif]-->Podatki\no naro\u010dilih (ime, priimek, naslov, e-po\u0161ta): 10 let \u2013 v skladu z Zakonom o\ndav\u010dnem postopku, ki zahteva hranjenje ra\u010dunovodskih dokumentov<o:p><\/o:p><\/p><p class=\"MsoListParagraph\" style=\"margin-left:36.0pt;text-indent:-18.0pt;\nmso-list:l0 level1 lfo1\"><!--[if !supportLists]-->\u2022<span style=\"font-style: normal; font-variant: normal; font-size-adjust: none; font-language-override: normal; font-kerning: auto; font-optical-sizing: auto; font-feature-settings: normal; font-variation-settings: normal; font-stretch: normal; font-size: 7pt; line-height: normal; font-family: &quot;Times New Roman&quot;;\">&nbsp;&nbsp;&nbsp;&nbsp;&nbsp;&nbsp; <\/span><!--[endif]-->Pi\u0161kotki:\nkot je navedeno v poglavju 4.4<o:p><\/o:p><\/p><p class=\"MsoNormal\" style=\"margin-bottom:6.0pt\"><o:p>&nbsp;<\/o:p><\/p><p class=\"MsoNormal\" style=\"margin-bottom:6.0pt\">\n\n\n\n\n\n\n\n<\/p><p class=\"MsoNormal\" style=\"margin-bottom:6.0pt\">Po preteku roka hrambe se\npodatki varno izbri\u0161ejo.<o:p><\/o:p><\/p><\/h6>\nVa\u0161e pravice\n<h6><strong><span data-metadata=\"&lt;!--(figmeta)eyJmaWxlS2V5IjoiYXVQQldzZlJLUGhnOXVGdWdTWlhrYyIsInBhc3RlSUQiOjI1Mzk3NzgyMSwiZGF0YVR5cGUiOiJzY2VuZSJ9Cg==(\/figmeta)--&gt;\"><\/span><\/strong><p class=\"MsoNormal\" style=\"margin-bottom:6.0pt\">V skladu z GDPR imate naslednje\npravice:<o:p><\/o:p><\/p><p class=\"MsoListParagraph\" style=\"margin-left:36.0pt;text-indent:-18.0pt;\nmso-list:l0 level1 lfo1\"><!--[if !supportLists]-->\u2022<span style=\"font-style: normal; font-variant: normal; font-size-adjust: none; font-language-override: normal; font-kerning: auto; font-optical-sizing: auto; font-feature-settings: normal; font-variation-settings: normal; font-stretch: normal; font-size: 7pt; line-height: normal; font-family: &quot;Times New Roman&quot;;\">&nbsp;&nbsp;&nbsp;&nbsp;&nbsp;&nbsp; <\/span><!--[endif]-->Pravica\ndo vpogleda \u2013 dostop do va\u0161ih osebnih podatkov<o:p><\/o:p><\/p><p class=\"MsoListParagraph\" style=\"margin-left:36.0pt;text-indent:-18.0pt;\nmso-list:l0 level1 lfo1\"><!--[if !supportLists]-->\u2022<span style=\"font-style: normal; font-variant: normal; font-size-adjust: none; font-language-override: normal; font-kerning: auto; font-optical-sizing: auto; font-feature-settings: normal; font-variation-settings: normal; font-stretch: normal; font-size: 7pt; line-height: normal; font-family: &quot;Times New Roman&quot;;\">&nbsp;&nbsp;&nbsp;&nbsp;&nbsp;&nbsp; <\/span><!--[endif]-->Pravica\ndo popravka \u2013 popravek neto\u010dnih podatkov<o:p><\/o:p><\/p><p class=\"MsoListParagraph\" style=\"margin-left:36.0pt;text-indent:-18.0pt;\nmso-list:l0 level1 lfo1\"><!--[if !supportLists]-->\u2022<span style=\"font-style: normal; font-variant: normal; font-size-adjust: none; font-language-override: normal; font-kerning: auto; font-optical-sizing: auto; font-feature-settings: normal; font-variation-settings: normal; font-stretch: normal; font-size: 7pt; line-height: normal; font-family: &quot;Times New Roman&quot;;\">&nbsp;&nbsp;&nbsp;&nbsp;&nbsp;&nbsp; <\/span><!--[endif]-->Pravica\ndo izbrisa (&#8216;pravica do pozabe&#8217;) \u2013 zahteva za izbris podatkov<o:p><\/o:p><\/p><p class=\"MsoListParagraph\" style=\"margin-left:36.0pt;text-indent:-18.0pt;\nmso-list:l0 level1 lfo1\"><!--[if !supportLists]-->\u2022<span style=\"font-style: normal; font-variant: normal; font-size-adjust: none; font-language-override: normal; font-kerning: auto; font-optical-sizing: auto; font-feature-settings: normal; font-variation-settings: normal; font-stretch: normal; font-size: 7pt; line-height: normal; font-family: &quot;Times New Roman&quot;;\">&nbsp;&nbsp;&nbsp;&nbsp;&nbsp;&nbsp; <\/span><!--[endif]-->Pravica\ndo omejitve obdelave<o:p><\/o:p><\/p><p class=\"MsoListParagraph\" style=\"margin-left:36.0pt;text-indent:-18.0pt;\nmso-list:l0 level1 lfo1\"><!--[if !supportLists]-->\u2022<span style=\"font-style: normal; font-variant: normal; font-size-adjust: none; font-language-override: normal; font-kerning: auto; font-optical-sizing: auto; font-feature-settings: normal; font-variation-settings: normal; font-stretch: normal; font-size: 7pt; line-height: normal; font-family: &quot;Times New Roman&quot;;\">&nbsp;&nbsp;&nbsp;&nbsp;&nbsp;&nbsp; <\/span><!--[endif]-->Pravica\ndo prenosljivosti podatkov<o:p><\/o:p><\/p><p class=\"MsoListParagraph\" style=\"margin-left:36.0pt;text-indent:-18.0pt;\nmso-list:l0 level1 lfo1\"><!--[if !supportLists]-->\u2022<span style=\"font-style: normal; font-variant: normal; font-size-adjust: none; font-language-override: normal; font-kerning: auto; font-optical-sizing: auto; font-feature-settings: normal; font-variation-settings: normal; font-stretch: normal; font-size: 7pt; line-height: normal; font-family: &quot;Times New Roman&quot;;\">&nbsp;&nbsp;&nbsp;&nbsp;&nbsp;&nbsp; <\/span><!--[endif]-->Pravica\ndo preklica soglasja \u2013 kadar koli, brez posledic<o:p><\/o:p><\/p><p class=\"MsoListParagraph\" style=\"margin-left:36.0pt;text-indent:-18.0pt;\nmso-list:l0 level1 lfo1\"><!--[if !supportLists]-->\u2022<span style=\"font-style: normal; font-variant: normal; font-size-adjust: none; font-language-override: normal; font-kerning: auto; font-optical-sizing: auto; font-feature-settings: normal; font-variation-settings: normal; font-stretch: normal; font-size: 7pt; line-height: normal; font-family: &quot;Times New Roman&quot;;\">&nbsp;&nbsp;&nbsp;&nbsp;&nbsp;&nbsp; <\/span><!--[endif]-->Pravica\ndo ugovora obdelavi<o:p><\/o:p><\/p><p class=\"MsoNormal\" style=\"margin-bottom:6.0pt\"><o:p>&nbsp;<\/o:p><\/p><p class=\"MsoNormal\" style=\"margin-bottom:6.0pt\">Za uveljavljanje pravic nas\nkontaktirajte prek kontaktnega obrazca na spletni strani. Na va\u0161o zahtevo bomo\nodgovorili v 30 dneh.<o:p><\/o:p><\/p><p class=\"MsoNormal\" style=\"margin-bottom:6.0pt\">\n\n\n\n\n\n\n\n\n\n\n\n\n\n\n\n\n\n\n\n<\/p><p class=\"MsoNormal\" style=\"margin-bottom:6.0pt\">\u010ce menite, da va\u0161e pravice niso\nbile spo\u0161tovane, imate pravico vlo\u017eiti prito\u017ebo pri Informacijskem poobla\u0161\u010dencu\nRS (www.ip-rs.si).<o:p><\/o:p><\/p><\/h6>\nVarnost podatkov\n<h6><strong><span data-metadata=\"&lt;!--(figmeta)eyJmaWxlS2V5IjoiYXVQQldzZlJLUGhnOXVGdWdTWlhrYyIsInBhc3RlSUQiOjI1Mzk3NzgyMSwiZGF0YVR5cGUiOiJzY2VuZSJ9Cg==(\/figmeta)--&gt;\"><\/span><\/strong><p class=\"MsoNormal\" style=\"margin-bottom:6.0pt\">Spletna stran uporablja varno\nHTTPS povezavo. Podatki so shranjeni pri ponudniku gostovanja, ki zagotavlja\nustrezne varnostne ukrepe.<o:p><\/o:p><\/p><\/h6>\nSprememba politike\n<h6><strong><span data-metadata=\"&lt;!--(figmeta)eyJmaWxlS2V5IjoiYXVQQldzZlJLUGhnOXVGdWdTWlhrYyIsInBhc3RlSUQiOjI1Mzk3NzgyMSwiZGF0YVR5cGUiOiJzY2VuZSJ9Cg==(\/figmeta)--&gt;\"><\/span><\/strong><p class=\"MsoNormal\" style=\"margin-bottom:6.0pt\">Pridr\u017eujemo si pravico do\nspremembe te politike zasebnosti. Vse spremembe bodo objavljene na tej strani\nskupaj z datumom zadnje posodobitve. Priporo\u010damo, da stran redno obiskujete.<o:p><\/o:p><\/p><\/h6>\n\n\n\n","protected":false},"excerpt":{"rendered":"","protected":false},"author":1,"featured_media":0,"parent":0,"menu_order":0,"comment_status":"closed","ping_status":"closed","template":"","meta":{"pagelayer_contact_templates":[],"_pagelayer_content":"","_glsr_average":0,"_glsr_ranking":0,"_glsr_reviews":0,"footnotes":""},"class_list":["post-1236","page","type-page","status-publish","hentry"],"_links":{"self":[{"href":"https:\/\/vedezevanje-esena.si\/en_US\/wp-json\/wp\/v2\/pages\/1236","targetHints":{"allow":["GET"]}}],"collection":[{"href":"https:\/\/vedezevanje-esena.si\/en_US\/wp-json\/wp\/v2\/pages"}],"about":[{"href":"https:\/\/vedezevanje-esena.si\/en_US\/wp-json\/wp\/v2\/types\/page"}],"author":[{"embeddable":true,"href":"https:\/\/vedezevanje-esena.si\/en_US\/wp-json\/wp\/v2\/users\/1"}],"replies":[{"embeddable":true,"href":"https:\/\/vedezevanje-esena.si\/en_US\/wp-json\/wp\/v2\/comments?post=1236"}],"version-history":[{"count":33,"href":"https:\/\/vedezevanje-esena.si\/en_US\/wp-json\/wp\/v2\/pages\/1236\/revisions"}],"predecessor-version":[{"id":1274,"href":"https:\/\/vedezevanje-esena.si\/en_US\/wp-json\/wp\/v2\/pages\/1236\/revisions\/1274"}],"wp:attachment":[{"href":"https:\/\/vedezevanje-esena.si\/en_US\/wp-json\/wp\/v2\/media?parent=1236"}],"curies":[{"name":"wp","href":"https:\/\/api.w.org\/{rel}","templated":true}]}}