{"id":464,"date":"2026-04-05T08:50:58","date_gmt":"2026-04-05T08:50:58","guid":{"rendered":"https:\/\/vedezevanje-esena.si\/cart\/"},"modified":"2026-04-15T13:38:15","modified_gmt":"2026-04-15T13:38:15","slug":"cart","status":"publish","type":"page","link":"https:\/\/vedezevanje-esena.si\/en_US\/cart\/","title":{"rendered":"Cart"},"content":{"rendered":"<div data-block-name=\"woocommerce\/cart\" class=\"wp-block-woocommerce-cart alignwide is-loading\">\n<div data-block-name=\"woocommerce\/filled-cart-block\" class=\"wp-block-woocommerce-filled-cart-block\">\n<div data-block-name=\"woocommerce\/cart-items-block\" class=\"wp-block-woocommerce-cart-items-block\">\n<div data-block-name=\"woocommerce\/cart-line-items-block\" class=\"wp-block-woocommerce-cart-line-items-block\"><\/div>\n\n\n<\/div>\n\n\n\n\n<div data-block-name=\"woocommerce\/cart-totals-block\" class=\"wp-block-woocommerce-cart-totals-block\">\n<div data-block-name=\"woocommerce\/cart-order-summary-block\" class=\"wp-block-woocommerce-cart-order-summary-block\">\n<div data-block-name=\"woocommerce\/cart-order-summary-heading-block\" class=\"wp-block-woocommerce-cart-order-summary-heading-block\"><\/div><div data-block-name=\"woocommerce\/cart-order-summary-coupon-form-block\" class=\"wp-block-woocommerce-cart-order-summary-coupon-form-block\"><\/div><div data-block-name=\"woocommerce\/cart-order-summary-totals-block\" class=\"wp-block-woocommerce-cart-order-summary-totals-block\">\n<div data-block-name=\"woocommerce\/cart-order-summary-subtotal-block\" class=\"wp-block-woocommerce-cart-order-summary-subtotal-block\"><\/div>\n<div data-block-name=\"woocommerce\/cart-order-summary-discount-block\" class=\"wp-block-woocommerce-cart-order-summary-discount-block\"><\/div>\n<div data-block-name=\"woocommerce\/cart-order-summary-fee-block\" class=\"wp-block-woocommerce-cart-order-summary-fee-block\"><\/div>\n<div data-block-name=\"woocommerce\/cart-order-summary-shipping-block\" class=\"wp-block-woocommerce-cart-order-summary-shipping-block\"><\/div>\n<div data-block-name=\"woocommerce\/cart-order-summary-taxes-block\" class=\"wp-block-woocommerce-cart-order-summary-taxes-block\"><\/div><\/div>\n<\/div>\n\n\n\n<div data-block-name=\"woocommerce\/cart-express-payment-block\" class=\"wp-block-woocommerce-cart-express-payment-block\"><\/div>\n\n\n\n<div data-block-name=\"woocommerce\/proceed-to-checkout-block\" class=\"wp-block-woocommerce-proceed-to-checkout-block\"><\/div>\n\n\n\n<div data-block-name=\"woocommerce\/cart-accepted-payment-methods-block\" class=\"wp-block-woocommerce-cart-accepted-payment-methods-block\"><\/div>\n<\/div>\n<\/div>\n\n\n\n<div data-block-name=\"woocommerce\/empty-cart-block\" class=\"wp-block-woocommerce-empty-cart-block\">\n<h2 class=\"wp-block-heading has-text-align-center with-empty-cart-icon wc-block-cart__empty-cart__title\">Your cart is currently empty!<\/h2>\n\n\n\n<hr class=\"wp-block-separator has-alpha-channel-opacity is-style-dots\"\/>\n\n\n\n<h2 class=\"wp-block-heading has-text-align-center\">New in store<\/h2>\n\n\n<div data-block-name=\"woocommerce\/product-new\" data-columns=\"4\" data-rows=\"1\" class=\"wc-block-grid wp-block-product-new wp-block-woocommerce-product-new wc-block-product-new has-4-columns\"><ul class=\"wc-block-grid__products\"><li class=\"wc-block-grid__product\">\n\t\t\t\t<a href=\"https:\/\/vedezevanje-esena.si\/en_US\/product\/angelski-tarot\/\" class=\"wc-block-grid__product-link\">\n\t\t\t\t\t\n\t\t\t\t\t<div class=\"wc-block-grid__product-image\"><img loading=\"lazy\" decoding=\"async\" width=\"300\" height=\"300\" src=\"https:\/\/vedezevanje-esena.si\/wp-content\/uploads\/2026\/03\/6598-300x300.jpg\" class=\"attachment-woocommerce_thumbnail size-woocommerce_thumbnail\" alt=\"Angelski Tarot\" srcset=\"https:\/\/vedezevanje-esena.si\/wp-content\/uploads\/2026\/03\/6598-300x300.jpg 300w, https:\/\/vedezevanje-esena.si\/wp-content\/uploads\/2026\/03\/6598-100x100.jpg 100w, https:\/\/vedezevanje-esena.si\/wp-content\/uploads\/2026\/03\/6598-150x150.jpg 150w, https:\/\/vedezevanje-esena.si\/wp-content\/uploads\/2026\/03\/6598.jpg 470w\" sizes=\"auto, (max-width: 300px) 100vw, 300px\" \/><\/div>\n\t\t\t\t\t<div class=\"wc-block-grid__product-title\">Angel Tarot<\/div>\n\t\t\t\t<\/a>\n\t\t\t\t<div class=\"wc-block-grid__product-price price\"><span class=\"woocommerce-Price-amount amount\">35,00&nbsp;<span class=\"woocommerce-Price-currencySymbol\">&euro;<\/span><\/span><\/div>\n\t\t\t\t\n\t\t\t\t<div class=\"wp-block-button wc-block-grid__product-add-to-cart\"><a href=\"\/en_US\/wp-json\/wp\/v2\/pages\/464?add-to-cart=500\" aria-label=\"Add to cart: \u201cAngelski Tarot\u201d\" data-quantity=\"1\" data-product_id=\"500\" data-product_sku=\"\" data-price=\"35\" rel=\"nofollow\" class=\"wp-block-button__link  add_to_cart_button ajax_add_to_cart\" data-no-translation=\"\" data-trp-gettext=\"\" data-no-translation-aria-label=\"\">Add to cart<\/a><\/div>\n\t\t\t<\/li><li class=\"wc-block-grid__product\">\n\t\t\t\t<a href=\"https:\/\/vedezevanje-esena.si\/en_US\/product\/misticne-karte-zlata-luna\/\" class=\"wc-block-grid__product-link\">\n\t\t\t\t\t\n\t\t\t\t\t<div class=\"wc-block-grid__product-image\"><img loading=\"lazy\" decoding=\"async\" width=\"300\" height=\"300\" src=\"https:\/\/vedezevanje-esena.si\/wp-content\/uploads\/2026\/03\/tarot-cards-scaled-300x300.jpg\" class=\"attachment-woocommerce_thumbnail size-woocommerce_thumbnail\" alt=\"Misti\u010dne karte &quot;Zlata Luna&quot;\" srcset=\"https:\/\/vedezevanje-esena.si\/wp-content\/uploads\/2026\/03\/tarot-cards-scaled-300x300.jpg 300w, https:\/\/vedezevanje-esena.si\/wp-content\/uploads\/2026\/03\/tarot-cards-scaled-100x100.jpg 100w, https:\/\/vedezevanje-esena.si\/wp-content\/uploads\/2026\/03\/tarot-cards-150x150.jpg 150w\" sizes=\"auto, (max-width: 300px) 100vw, 300px\" \/><\/div>\n\t\t\t\t\t<div class=\"wc-block-grid__product-title\">Mystical cards \u201cGolden Moon\u201d<\/div>\n\t\t\t\t<\/a>\n\t\t\t\t<div class=\"wc-block-grid__product-price price\"><span class=\"woocommerce-Price-amount amount\">12,00&nbsp;<span class=\"woocommerce-Price-currencySymbol\">&euro;<\/span><\/span><\/div>\n\t\t\t\t<div class=\"wc-block-grid__product-rating\"><div class=\"star-rating\" role=\"img\" aria-label=\"Rated 4.00 out of 5\" data-no-translation-aria-label=\"\"><span style=\"width:80%\" data-no-translation=\"\" data-trp-gettext=\"\">Rated <strong class=\"rating\">4.00<\/strong> out of 5 based on <span class=\"rating\">3<\/span> customer ratings<\/span><\/div><\/div>\n\t\t\t\t<div class=\"wp-block-button wc-block-grid__product-add-to-cart\"><a href=\"\/en_US\/wp-json\/wp\/v2\/pages\/464?add-to-cart=499\" aria-label=\"Add to cart: \u201cMisti\u010dne karte &quot;Zlata Luna&quot;\u201d\" data-quantity=\"1\" data-product_id=\"499\" data-product_sku=\"\" data-price=\"12\" rel=\"nofollow\" class=\"wp-block-button__link  add_to_cart_button ajax_add_to_cart\" data-no-translation=\"\" data-trp-gettext=\"\" data-no-translation-aria-label=\"\">Add to cart<\/a><\/div>\n\t\t\t<\/li><li class=\"wc-block-grid__product\">\n\t\t\t\t<a href=\"https:\/\/vedezevanje-esena.si\/en_US\/product\/kristalni-set-za-ciscenje-energije\/\" class=\"wc-block-grid__product-link\">\n\t\t\t\t\t\n\t\t\t\t\t<div class=\"wc-block-grid__product-image\"><img loading=\"lazy\" decoding=\"async\" width=\"300\" height=\"300\" src=\"https:\/\/vedezevanje-esena.si\/wp-content\/uploads\/2026\/03\/Moc-kristalov-300x300.jpg\" class=\"attachment-woocommerce_thumbnail size-woocommerce_thumbnail\" alt=\"Kristalni set za \u010di\u0161\u010denje energije\" srcset=\"https:\/\/vedezevanje-esena.si\/wp-content\/uploads\/2026\/03\/Moc-kristalov-300x300.jpg 300w, https:\/\/vedezevanje-esena.si\/wp-content\/uploads\/2026\/03\/Moc-kristalov-100x100.jpg 100w, https:\/\/vedezevanje-esena.si\/wp-content\/uploads\/2026\/03\/Moc-kristalov-150x150.jpg 150w\" sizes=\"auto, (max-width: 300px) 100vw, 300px\" \/><\/div>\n\t\t\t\t\t<div class=\"wc-block-grid__product-title\">Crystal Energy Clearing Set<\/div>\n\t\t\t\t<\/a>\n\t\t\t\t<div class=\"wc-block-grid__product-price price\"><span class=\"woocommerce-Price-amount amount\">25,00&nbsp;<span class=\"woocommerce-Price-currencySymbol\">&euro;<\/span><\/span><\/div>\n\t\t\t\t<div class=\"wc-block-grid__product-rating\"><div class=\"star-rating\" role=\"img\" aria-label=\"Rated 2.00 out of 5\" data-no-translation-aria-label=\"\"><span style=\"width:40%\" data-no-translation=\"\" data-trp-gettext=\"\">Rated <strong class=\"rating\">2.00<\/strong> out of 5 based on <span class=\"rating\">1<\/span> customer rating<\/span><\/div><\/div>\n\t\t\t\t<div class=\"wp-block-button wc-block-grid__product-add-to-cart\"><a href=\"\/en_US\/wp-json\/wp\/v2\/pages\/464?add-to-cart=476\" aria-label=\"Add to cart: \u201cKristalni set za \u010di\u0161\u010denje energije\u201d\" data-quantity=\"1\" data-product_id=\"476\" data-product_sku=\"\" data-price=\"25\" rel=\"nofollow\" class=\"wp-block-button__link  add_to_cart_button ajax_add_to_cart\" data-no-translation=\"\" data-trp-gettext=\"\" data-no-translation-aria-label=\"\">Add to cart<\/a><\/div>\n\t\t\t<\/li><li class=\"wc-block-grid__product\">\n\t\t\t\t<a href=\"https:\/\/vedezevanje-esena.si\/en_US\/product\/angelske-karte-bozansko-vodstvo\/\" class=\"wc-block-grid__product-link\">\n\t\t\t\t\t\n\t\t\t\t\t<div class=\"wc-block-grid__product-image\"><img loading=\"lazy\" decoding=\"async\" width=\"300\" height=\"300\" src=\"https:\/\/vedezevanje-esena.si\/wp-content\/uploads\/2026\/03\/Picture-1-11-300x300.jpg\" class=\"attachment-woocommerce_thumbnail size-woocommerce_thumbnail\" alt=\"Angelske karte\" srcset=\"https:\/\/vedezevanje-esena.si\/wp-content\/uploads\/2026\/03\/Picture-1-11-300x300.jpg 300w, https:\/\/vedezevanje-esena.si\/wp-content\/uploads\/2026\/03\/Picture-1-11-100x100.jpg 100w, https:\/\/vedezevanje-esena.si\/wp-content\/uploads\/2026\/03\/Picture-1-11-150x150.jpg 150w\" sizes=\"auto, (max-width: 300px) 100vw, 300px\" \/><\/div>\n\t\t\t\t\t<div class=\"wc-block-grid__product-title\">Angel cards<\/div>\n\t\t\t\t<\/a>\n\t\t\t\t<div class=\"wc-block-grid__product-price price\"><span class=\"woocommerce-Price-amount amount\">15,00&nbsp;<span class=\"woocommerce-Price-currencySymbol\">&euro;<\/span><\/span><\/div>\n\t\t\t\t\n\t\t\t\t<div class=\"wp-block-button wc-block-grid__product-add-to-cart\"><a href=\"\/en_US\/wp-json\/wp\/v2\/pages\/464?add-to-cart=475\" aria-label=\"Add to cart: \u201cAngelske karte\u201d\" data-quantity=\"1\" data-product_id=\"475\" data-product_sku=\"\" data-price=\"15\" rel=\"nofollow\" class=\"wp-block-button__link  add_to_cart_button ajax_add_to_cart\" data-no-translation=\"\" data-trp-gettext=\"\" data-no-translation-aria-label=\"\">Add to cart<\/a><\/div>\n\t\t\t<\/li><\/ul><\/div><\/div>\n<\/div>","protected":false},"excerpt":{"rendered":"","protected":false},"author":1,"featured_media":0,"parent":0,"menu_order":0,"comment_status":"closed","ping_status":"closed","template":"","meta":{"pagelayer_contact_templates":[],"_pagelayer_content":"","_glsr_average":0,"_glsr_ranking":0,"_glsr_reviews":0,"footnotes":""},"class_list":["post-464","page","type-page","status-publish","hentry"],"_links":{"self":[{"href":"https:\/\/vedezevanje-esena.si\/en_US\/wp-json\/wp\/v2\/pages\/464","targetHints":{"allow":["GET"]}}],"collection":[{"href":"https:\/\/vedezevanje-esena.si\/en_US\/wp-json\/wp\/v2\/pages"}],"about":[{"href":"https:\/\/vedezevanje-esena.si\/en_US\/wp-json\/wp\/v2\/types\/page"}],"author":[{"embeddable":true,"href":"https:\/\/vedezevanje-esena.si\/en_US\/wp-json\/wp\/v2\/users\/1"}],"replies":[{"embeddable":true,"href":"https:\/\/vedezevanje-esena.si\/en_US\/wp-json\/wp\/v2\/comments?post=464"}],"version-history":[{"count":1,"href":"https:\/\/vedezevanje-esena.si\/en_US\/wp-json\/wp\/v2\/pages\/464\/revisions"}],"predecessor-version":[{"id":1138,"href":"https:\/\/vedezevanje-esena.si\/en_US\/wp-json\/wp\/v2\/pages\/464\/revisions\/1138"}],"wp:attachment":[{"href":"https:\/\/vedezevanje-esena.si\/en_US\/wp-json\/wp\/v2\/media?parent=464"}],"curies":[{"name":"wp","href":"https:\/\/api.w.org\/{rel}","templated":true}]}}