{"id":468,"date":"2026-04-05T08:59:46","date_gmt":"2026-04-05T08:59:46","guid":{"rendered":"https:\/\/vedezevanje-esena.si\/?post_type=product&#038;p=468"},"modified":"2026-04-05T09:54:18","modified_gmt":"2026-04-05T09:54:18","slug":"misticni-tarot-moonlight","status":"publish","type":"product","link":"https:\/\/vedezevanje-esena.si\/en_US\/product\/misticni-tarot-moonlight\/","title":{"rendered":"Celestial Tarot Set"},"content":{"rendered":"<p>Odkrijte skrivnosti vesolja s tem \u010dudovitim tarot kompletom, ki vsebuje 78 ro\u010dno ilustriranih kart. Vsaka karta nosi globoko simboliko in vam pomaga razviti intuicijo ter najti odgovore na pomembna \u017eivljenjska vpra\u0161anja.<\/p>\n<p>Komplet je izdelan iz kakovostnih materialov, ki zagotavljajo dolgotrajno uporabo in prijeten ob\u010dutek pri rokovanju. Primeren je tako za za\u010detnike kot za izku\u0161ene uporabnike.<\/p>","protected":false},"excerpt":{"rendered":"<p>Tradicionalne tarot karte za jasne odgovore in razvoj intuicije.<\/p>","protected":false},"featured_media":261,"comment_status":"open","ping_status":"closed","template":"","meta":{"pagelayer_contact_templates":[],"_pagelayer_content":"","_glsr_average":0,"_glsr_ranking":0,"_glsr_reviews":0},"product_brand":[],"product_cat":[26],"product_tag":[],"class_list":{"0":"post-468","1":"product","2":"type-product","3":"status-publish","4":"has-post-thumbnail","6":"product_cat-tarot-karte","8":"first","9":"instock","10":"shipping-taxable","11":"purchasable","12":"product-type-simple"},"_links":{"self":[{"href":"https:\/\/vedezevanje-esena.si\/en_US\/wp-json\/wp\/v2\/product\/468","targetHints":{"allow":["GET"]}}],"collection":[{"href":"https:\/\/vedezevanje-esena.si\/en_US\/wp-json\/wp\/v2\/product"}],"about":[{"href":"https:\/\/vedezevanje-esena.si\/en_US\/wp-json\/wp\/v2\/types\/product"}],"replies":[{"embeddable":true,"href":"https:\/\/vedezevanje-esena.si\/en_US\/wp-json\/wp\/v2\/comments?post=468"}],"wp:featuredmedia":[{"embeddable":true,"href":"https:\/\/vedezevanje-esena.si\/en_US\/wp-json\/wp\/v2\/media\/261"}],"wp:attachment":[{"href":"https:\/\/vedezevanje-esena.si\/en_US\/wp-json\/wp\/v2\/media?parent=468"}],"wp:term":[{"taxonomy":"product_brand","embeddable":true,"href":"https:\/\/vedezevanje-esena.si\/en_US\/wp-json\/wp\/v2\/product_brand?post=468"},{"taxonomy":"product_cat","embeddable":true,"href":"https:\/\/vedezevanje-esena.si\/en_US\/wp-json\/wp\/v2\/product_cat?post=468"},{"taxonomy":"product_tag","embeddable":true,"href":"https:\/\/vedezevanje-esena.si\/en_US\/wp-json\/wp\/v2\/product_tag?post=468"}],"curies":[{"name":"wp","href":"https:\/\/api.w.org\/{rel}","templated":true}]}}